{"id":2929,"date":"2025-10-29T12:06:53","date_gmt":"2025-10-29T12:06:53","guid":{"rendered":"https:\/\/lyqr.de\/?post_type=product&#038;p=2929"},"modified":"2025-10-31T09:04:58","modified_gmt":"2025-10-31T09:04:58","slug":"squeeze-gruener-apfel-5er-10er-oder-20er-pack","status":"publish","type":"product","link":"https:\/\/lyqr.de\/?product=squeeze-gruener-apfel-5er-10er-oder-20er-pack","title":{"rendered":"SQUEEZE &#8211; Gr\u00fcner Apfel"},"content":{"rendered":"<p><strong>Typ: Gr\u00fcner Apfel<\/strong><br data-start=\"683\" data-end=\"686\" \/>Gr\u00fcn, klar, kompromisslos. Leicht herb, leicht s\u00fc\u00df \u2013 wie ein Apfel, der sich nicht entscheiden will. Perfekt so.<\/p>\n<div id=\"brxe-daptwt\" class=\"brxe-accordion-nested single-product-3__accordion\" data-script-id=\"daptwt\" data-script-args=\"expandFirstItem\">\n<div id=\"brxe-wuikzg\" class=\"brxe-block single-product-3__item brx-open listening\">\n<div id=\"brxe-wywveb\" class=\"brxe-block single-product-3__accordion-description accordion-content-wrapper\" role=\"region\" aria-labelledby=\"brxe-lewzmg\">\n<div id=\"brxe-jjfwve\" class=\"brxe-product-short-description single-product-3__accordion-description-info\">\n<div class=\"woocommerce-product-details__short-description\">\n<p><strong>Erh\u00e4ltlich im 5er, 10er oder 20er Pack.<\/strong><\/p>\n<\/div>\n<\/div>\n<\/div>\n<\/div>\n<\/div>\n","protected":false},"excerpt":{"rendered":"<p><strong>Typ: Gr\u00fcner Apfel<\/strong><br data-start=\"683\" data-end=\"686\" \/>Gr\u00fcn, klar, kompromisslos. Leicht herb, leicht s\u00fc\u00df \u2013 wie ein Apfel, der sich nicht entscheiden will. Perfekt so.<\/p>\n<div id=\"brxe-daptwt\" class=\"brxe-accordion-nested single-product-3__accordion\" data-script-id=\"daptwt\" data-script-args=\"expandFirstItem\">\n<div id=\"brxe-wuikzg\" class=\"brxe-block single-product-3__item brx-open listening\">\n<div id=\"brxe-wywveb\" class=\"brxe-block single-product-3__accordion-description accordion-content-wrapper\" role=\"region\" aria-labelledby=\"brxe-lewzmg\">\n<div id=\"brxe-jjfwve\" class=\"brxe-product-short-description single-product-3__accordion-description-info\">\n<div class=\"woocommerce-product-details__short-description\">\n<p><strong>Erh\u00e4ltlich im 5er, 10er oder 20er Pack.<\/strong><\/p>\n<\/div>\n<\/div>\n<\/div>\n<\/div>\n<\/div>\n<p>&nbsp;<\/p>\n","protected":false},"featured_media":2915,"comment_status":"open","ping_status":"closed","template":"","meta":{"_acf_changed":false,"_seopress_robots_primary_cat":"none","_seopress_titles_title":"SQUEEZE - Gr\u00fcner Apfel, 5er 10er oder 20er Pack","_seopress_titles_desc":"Typ: Waldmeister\r\nGr\u00fcn und ungez\u00e4hmt. S\u00fc\u00df, wild und ein bisschen verr\u00fcckt \u2013 genau richtig f\u00fcr alle, die lieber rausgehen, statt dr\u00fcber zu reden. Waldmeister \u2013 kein M\u00e4rchen, nur Geschmack.","_seopress_robots_index":""},"product_cat":[85],"product_tag":[18],"class_list":{"0":"post-2929","1":"product","2":"type-product","3":"status-publish","4":"has-post-thumbnail","6":"product_cat-squeeze","7":"product_tag-demo-tag","8":"product_shipping_class-normal","10":"first","11":"instock","12":"taxable","13":"shipping-taxable","14":"purchasable","15":"product-type-variable","16":"has-default-attributes"},"acf":[],"_links":{"self":[{"href":"https:\/\/lyqr.de\/index.php?rest_route=\/wp\/v2\/product\/2929","targetHints":{"allow":["GET"]}}],"collection":[{"href":"https:\/\/lyqr.de\/index.php?rest_route=\/wp\/v2\/product"}],"about":[{"href":"https:\/\/lyqr.de\/index.php?rest_route=\/wp\/v2\/types\/product"}],"replies":[{"embeddable":true,"href":"https:\/\/lyqr.de\/index.php?rest_route=%2Fwp%2Fv2%2Fcomments&post=2929"}],"wp:featuredmedia":[{"embeddable":true,"href":"https:\/\/lyqr.de\/index.php?rest_route=\/wp\/v2\/media\/2915"}],"wp:attachment":[{"href":"https:\/\/lyqr.de\/index.php?rest_route=%2Fwp%2Fv2%2Fmedia&parent=2929"}],"wp:term":[{"taxonomy":"product_cat","embeddable":true,"href":"https:\/\/lyqr.de\/index.php?rest_route=%2Fwp%2Fv2%2Fproduct_cat&post=2929"},{"taxonomy":"product_tag","embeddable":true,"href":"https:\/\/lyqr.de\/index.php?rest_route=%2Fwp%2Fv2%2Fproduct_tag&post=2929"}],"curies":[{"name":"wp","href":"https:\/\/api.w.org\/{rel}","templated":true}]}}