{"id":763,"date":"2024-09-23T15:12:42","date_gmt":"2024-09-23T15:12:42","guid":{"rendered":"https:\/\/lyqr.de\/?page_id=763"},"modified":"2025-01-13T18:59:17","modified_gmt":"2025-01-13T18:59:17","slug":"ueber-uns","status":"publish","type":"page","link":"https:\/\/lyqr.de\/?page_id=763","title":{"rendered":"\u00dcber uns"},"content":{"rendered":"<p>2024, irgendwo in unserem \u201eLabor\u201c, das wir liebevoll UFO nennen \u2013 ein Ort, an dem absurde Ideen Realit\u00e4t werden. Alles begann mit einem Sirup, urspr\u00fcnglich f\u00fcr S\u00fc\u00dfwaren gedacht. Beim Probieren kam <em>Princess 2.0<\/em>, die Freundin unseres Gr\u00fcnders (ja, das ist wirklich ihr Spitzname), mit der genialen Idee um die Ecke: \u201eWarum nicht in Quetschbeutel f\u00fcllen?\u201c<\/p>\n<p>Unser Erfinder, stets bereit, einer Prinzessin die W\u00fcnsche von den Lippen abzulesen und dabei blo\u00df nicht ihren royalen Zorn zu riskieren, lie\u00df sich das nicht zweimal sagen. Was folgte, waren Monate harter Arbeit (und so viele betrunkene Verkostungen, dass wir uns fast selbst aus dem Labor werfen mussten \u2013 irgendjemand muss ja den Job machen). Nach unz\u00e4hligen Experimenten, bei denen wir mehr Chaos als Ordnung hinterlassen haben, war es endlich soweit: Ein vollmundiger Lik\u00f6r, der nicht nur knallt, sondern auch verdammt gut schmeckt. Unser Designer bestand \u00fcbrigens darauf, dass wir recycelbare Materialien nutzen \u2013 weil irgendjemand ja die Welt retten muss, w\u00e4hrend wir uns mit Schnapsideen vergn\u00fcgen.<\/p>\n<p>Und heute? Wenn wir nicht gerade feiern (weil wir ja offiziell hart arbeiten sollen), mixen wir neue Geschmacksrichtungen zusammen, so lange, bis wir das n\u00e4chste M\u00e4rchen schreiben k\u00f6nnen. Aufh\u00f6ren? Direkt nach dem Happy End \u2013 oder besser gesagt: niemals. und wenn sie nicht gestorben sind, dann feiern sie noch heute mit Nachschub aus dem Labor.<\/p>\n<p><strong>LYQR SQUEEZE<\/strong>: Wir liefern den Knall \u2013 ihr sorgt f\u00fcr den Rest der Story!<\/p><h1 class=\"wp-block-heading\">\u00dcber Uns \u2013 <br>Die Story hinter LYQR SQUEEZE<\/h1><figure class=\"wp-block-video\"><video autoplay controls loop muted src=\"https:\/\/lyqr.de\/wp-content\/uploads\/2025\/01\/squeeze-ueber-uns.mp4\"><\/video><\/figure>","protected":false},"excerpt":{"rendered":"<p>2024, irgendwo in unserem \u201eLabor\u201c, das wir liebevoll UFO nennen \u2013 ein Ort, an dem absurde Ideen Realit\u00e4t werden. Alles begann mit einem Sirup, urspr\u00fcnglich f\u00fcr S\u00fc\u00dfwaren gedacht. Beim Probieren kam Princess 2.0, die Freundin unseres Gr\u00fcnders (ja, das ist wirklich ihr Spitzname), mit der genialen Idee um die Ecke: \u201eWarum nicht in Quetschbeutel f\u00fcllen?\u201c [&hellip;]<\/p>\n","protected":false},"author":1,"featured_media":0,"parent":0,"menu_order":0,"comment_status":"closed","ping_status":"closed","template":"","meta":{"_acf_changed":false,"_seopress_robots_primary_cat":"","_seopress_titles_title":"","_seopress_titles_desc":"","_seopress_robots_index":"","footnotes":""},"class_list":["post-763","page","type-page","status-publish","hentry"],"acf":[],"_links":{"self":[{"href":"https:\/\/lyqr.de\/index.php?rest_route=\/wp\/v2\/pages\/763","targetHints":{"allow":["GET"]}}],"collection":[{"href":"https:\/\/lyqr.de\/index.php?rest_route=\/wp\/v2\/pages"}],"about":[{"href":"https:\/\/lyqr.de\/index.php?rest_route=\/wp\/v2\/types\/page"}],"author":[{"embeddable":true,"href":"https:\/\/lyqr.de\/index.php?rest_route=\/wp\/v2\/users\/1"}],"replies":[{"embeddable":true,"href":"https:\/\/lyqr.de\/index.php?rest_route=%2Fwp%2Fv2%2Fcomments&post=763"}],"version-history":[{"count":31,"href":"https:\/\/lyqr.de\/index.php?rest_route=\/wp\/v2\/pages\/763\/revisions"}],"predecessor-version":[{"id":2840,"href":"https:\/\/lyqr.de\/index.php?rest_route=\/wp\/v2\/pages\/763\/revisions\/2840"}],"wp:attachment":[{"href":"https:\/\/lyqr.de\/index.php?rest_route=%2Fwp%2Fv2%2Fmedia&parent=763"}],"curies":[{"name":"wp","href":"https:\/\/api.w.org\/{rel}","templated":true}]}}