{"id":65,"date":"2024-05-13T14:04:27","date_gmt":"2024-05-13T14:04:27","guid":{"rendered":"https:\/\/linkup.design\/squeezy\/?page_id=65"},"modified":"2025-01-13T10:37:05","modified_gmt":"2025-01-13T10:37:05","slug":"refund_returns","status":"publish","type":"page","link":"https:\/\/lyqr.de\/?page_id=65","title":{"rendered":"Widerruf"},"content":{"rendered":"<p><strong>Widerrufsbelehrung<\/strong><\/p>\n<p>Verbraucher haben ein vierzehnt&auml;giges Widerrufsrecht.<\/p>\n<p><strong>Widerrufsbelehrung<\/strong><\/p>\n<p><strong>Widerrufsrecht<\/strong> <\/p>\n<p>Sie haben das Recht, binnen<br \/>\n            vierzehn Tagen<br \/>\n            ohne Angabe von Gr&uuml;nden diesen Vertrag zu widerrufen. Die Widerrufsfrist betr&auml;gt<br \/>\n            vierzehn Tage<br \/>\n            ab dem Tag<br \/>\n            , an dem Sie oder ein von Ihnen benannter Dritter, der nicht der Bef\u00f6rderer ist, die Waren in Besitz genommen haben bzw. hat.\n            <\/p>\n<p>Um Ihr Widerrufsrecht auszu\u00fcben, m\u00fcssen Sie uns (Puca International GmbH, M\u00fchlenstr. 24, 47798 Krefeld, Deutschland, shop@lyqr.de, Telefon: 02151 624 81 47) mittels einer eindeutigen Erkl\u00e4rung (z.B. ein mit der Post versandter Brief oder eine E-Mail) \u00fcber Ihren Entschluss, diesen Vertrag zu widerrufen, informieren. Sie k\u00f6nnen daf\u00fcr das beigef\u00fcgte Muster-Widerrufsformular verwenden, das jedoch nicht vorgeschrieben ist.\n            <\/p>\n<p>Zur Wahrung der Widerrufsfrist reicht es aus, dass Sie die Mitteilung &uuml;ber die Aus&uuml;bung des Widerrufsrechts vor Ablauf der Widerrufsfrist absenden.  <\/p>\n<p><strong>Folgen des Widerrufs <\/strong> <\/p>\n<p>Wenn Sie diesen Vertrag widerrufen, haben wir Ihnen alle Zahlungen, die wir von Ihnen erhalten haben, einschlie&szlig;lich der Lieferkosten (mit Ausnahme der zus&auml;tzlichen Kosten, die sich daraus ergeben, dass Sie eine andere Art der Lieferung als die von uns angebotene, g&uuml;nstigste Standardlieferung gew&auml;hlt haben), unverz&uuml;glich und sp&auml;testens binnen vierzehn Tagen ab dem Tag zur&uuml;ckzuzahlen, an dem die Mitteilung &uuml;ber Ihren Widerruf dieses Vertrags bei uns eingegangen ist. F&uuml;r diese R&uuml;ckzahlung verwenden wir dasselbe Zahlungsmittel, das Sie bei der urspr&uuml;nglichen Transaktion eingesetzt haben, es sei denn, mit Ihnen wurde ausdr&uuml;cklich etwas anderes vereinbart; in keinem Fall werden Ihnen wegen dieser R&uuml;ckzahlung Entgelte berechnet.<br \/>\n            Wir k\u00f6nnen die R\u00fcckzahlung verweigern, bis wir die Waren wieder zur\u00fcckerhalten haben oder bis Sie den Nachweis erbracht haben, dass Sie die Waren zur\u00fcckgesandt haben, je nachdem, welches der fr\u00fchere Zeitpunkt ist.\n            <\/p>\n<p>Sie haben die Waren unverz\u00fcglich und in jedem Fall sp\u00e4testens binnen vierzehn Tagen ab dem Tag, an dem Sie uns \u00fcber den Widerruf dieses Vertrags unterrichten, an uns zur\u00fcckzusenden oder zu \u00fcbergeben. Die Frist ist gewahrt, wenn Sie die Waren vor Ablauf der Frist von vierzehn Tagen absenden.<br \/>\n            Sie tragen die unmittelbaren Kosten der R&uuml;cksendung der Waren.<br \/>\n            Sie m&uuml;ssen f&uuml;r einen etwaigen Wertverlust der Waren nur aufkommen, wenn dieser Wertverlust auf einen zur Pr&uuml;fung der Beschaffenheit, Eigenschaften und Funktionsweise der Waren nicht notwendigen Umgang mit ihnen zur&uuml;ckzuf&uuml;hren ist.\n            <\/p>\n<table style=\"width:100%\" cellspacing=\"1\" cellpadding=\"1\" border=\"1\">\n<tbody>\n<tr>\n<td>\n<p><strong>Muster-Widerrufsformular<\/strong><\/p>\n<p><em>(Wenn Sie den Vertrag widerrufen wollen, dann f\u00fcllen Sie bitte dieses Formular aus und senden Sie es zur\u00fcck.)<\/em><\/p>\n<p>\u2013 An Puca International GmbH, M\u00fchlenstr. 24, 47798 Krefeld, Deutschland, shop@lyqr.de<\/p>\n<p>\u2013 Hiermit widerrufe(n) ich\/wir (*) den von mir\/uns (*) abgeschlossenen Vertrag \u00fcber den Kauf der folgenden<br \/> Waren (*)\/die Erbringung der folgenden Dienstleistung (*)<\/p>\n<p>\u2013 Bestellt am (*)\/erhalten am (*)<\/p>\n<p>\u2013 Name des\/der Verbraucher(s)<\/p>\n<p>\u2013 Anschrift des\/der Verbraucher(s)<\/p>\n<p>\u2013 Unterschrift des\/der Verbraucher(s) (nur bei Mitteilung auf Papier)<\/p>\n<p>\u2013 Datum<\/p>\n<p> <em>(*) Unzutreffendes streichen.<\/em><\/p>\n<\/td>\n<\/tr>\n<\/tbody>\n<\/table>\n","protected":false},"excerpt":{"rendered":"<p>Widerrufsbelehrung Verbraucher haben ein vierzehnt&auml;giges Widerrufsrecht. Widerrufsbelehrung Widerrufsrecht Sie haben das Recht, binnen vierzehn Tagen ohne Angabe von Gr&uuml;nden diesen Vertrag zu widerrufen. Die Widerrufsfrist betr&auml;gt vierzehn Tage ab dem Tag , an dem Sie oder ein von Ihnen benannter Dritter, der nicht der Bef\u00f6rderer ist, die Waren in Besitz genommen haben bzw. hat. Um [&hellip;]<\/p>\n","protected":false},"author":1,"featured_media":0,"parent":0,"menu_order":0,"comment_status":"closed","ping_status":"closed","template":"","meta":{"_acf_changed":false,"_seopress_robots_primary_cat":"","_seopress_titles_title":"","_seopress_titles_desc":"","_seopress_robots_index":"","footnotes":""},"class_list":["post-65","page","type-page","status-publish","hentry"],"acf":[],"_links":{"self":[{"href":"https:\/\/lyqr.de\/index.php?rest_route=\/wp\/v2\/pages\/65","targetHints":{"allow":["GET"]}}],"collection":[{"href":"https:\/\/lyqr.de\/index.php?rest_route=\/wp\/v2\/pages"}],"about":[{"href":"https:\/\/lyqr.de\/index.php?rest_route=\/wp\/v2\/types\/page"}],"author":[{"embeddable":true,"href":"https:\/\/lyqr.de\/index.php?rest_route=\/wp\/v2\/users\/1"}],"replies":[{"embeddable":true,"href":"https:\/\/lyqr.de\/index.php?rest_route=%2Fwp%2Fv2%2Fcomments&post=65"}],"version-history":[{"count":3,"href":"https:\/\/lyqr.de\/index.php?rest_route=\/wp\/v2\/pages\/65\/revisions"}],"predecessor-version":[{"id":2675,"href":"https:\/\/lyqr.de\/index.php?rest_route=\/wp\/v2\/pages\/65\/revisions\/2675"}],"wp:attachment":[{"href":"https:\/\/lyqr.de\/index.php?rest_route=%2Fwp%2Fv2%2Fmedia&parent=65"}],"curies":[{"name":"wp","href":"https:\/\/api.w.org\/{rel}","templated":true}]}}